{"id":666,"date":"2021-10-05T17:53:09","date_gmt":"2021-10-05T15:53:09","guid":{"rendered":"https:\/\/joli.ninja\/?post_type=product&#038;p=666"},"modified":"2022-02-01T19:08:46","modified_gmt":"2022-02-01T17:08:46","slug":"mdl-ff1","status":"publish","type":"product","link":"https:\/\/joli.ninja\/?product=mdl-ff1","title":{"rendered":"La Femme Fleur rouge <br><i>par MDL<\/i>"},"content":{"rendered":"<p>Disponible en carte postale (10,5&#215;15 cm) et au format A4 (21&#215;29,7 cm) sur papier 300g\/m2 et au format 30&#215;40 cm sur papier 250g\/m\u00b2.<\/p>\n<p>Cadre en bois de pin naturel et vitre en verre acrylique en option pour le format 30x40cm.<\/p>\n","protected":false},"excerpt":{"rendered":"<p>&nbsp;<\/p>\n<p>Quel beau visage que celui de cette femme \u00e0 la chevelure toute de fleurs constitu\u00e9e.<br \/>\nLignes simples et teintes orang\u00e9es, jaunes et rouges d\u00e9gagent une impression de puret\u00e9 et de gaiet\u00e9.<br \/>\nS\u2019accorde parfaitement avec les Femmes Fleur versions\u00a0<a href=\"https:\/\/joli.ninja\/?product=la-femme-fleur-jaune-par-mdl\">jaune<\/a>\u00a0et\u00a0<a href=\"https:\/\/joli.ninja\/?product=la-femme-fleur-rose-par-mdl\">rose<\/a>.<br \/>\nReproductions d&rsquo;un dessin \u00e0 l&rsquo;aquarelle de l&rsquo;illustratrice MDL (<a href=\"https:\/\/joli.ninja\/?page_id=104\">voir sa page<\/a>).<\/p>\n","protected":false},"featured_media":667,"comment_status":"open","ping_status":"closed","template":"","meta":{"_et_pb_use_builder":"","_et_pb_old_content":"","_et_gb_content_width":""},"product_brand":[],"product_cat":[24,23],"product_tag":[],"class_list":{"0":"post-666","1":"product","2":"type-product","3":"status-publish","4":"has-post-thumbnail","6":"product_cat-marguerite-de-livron","7":"product_cat-artistes","9":"first","10":"instock","11":"shipping-taxable","12":"purchasable","13":"product-type-variable","14":"has-default-attributes"},"jetpack_sharing_enabled":true,"_links":{"self":[{"href":"https:\/\/joli.ninja\/index.php?rest_route=\/wp\/v2\/product\/666","targetHints":{"allow":["GET"]}}],"collection":[{"href":"https:\/\/joli.ninja\/index.php?rest_route=\/wp\/v2\/product"}],"about":[{"href":"https:\/\/joli.ninja\/index.php?rest_route=\/wp\/v2\/types\/product"}],"replies":[{"embeddable":true,"href":"https:\/\/joli.ninja\/index.php?rest_route=%2Fwp%2Fv2%2Fcomments&post=666"}],"wp:featuredmedia":[{"embeddable":true,"href":"https:\/\/joli.ninja\/index.php?rest_route=\/wp\/v2\/media\/667"}],"wp:attachment":[{"href":"https:\/\/joli.ninja\/index.php?rest_route=%2Fwp%2Fv2%2Fmedia&parent=666"}],"wp:term":[{"taxonomy":"product_brand","embeddable":true,"href":"https:\/\/joli.ninja\/index.php?rest_route=%2Fwp%2Fv2%2Fproduct_brand&post=666"},{"taxonomy":"product_cat","embeddable":true,"href":"https:\/\/joli.ninja\/index.php?rest_route=%2Fwp%2Fv2%2Fproduct_cat&post=666"},{"taxonomy":"product_tag","embeddable":true,"href":"https:\/\/joli.ninja\/index.php?rest_route=%2Fwp%2Fv2%2Fproduct_tag&post=666"}],"curies":[{"name":"wp","href":"https:\/\/api.w.org\/{rel}","templated":true}]}}