{"id":654,"date":"2021-10-05T17:35:05","date_gmt":"2021-10-05T15:35:05","guid":{"rendered":"https:\/\/joli.ninja\/?post_type=product&#038;p=654"},"modified":"2022-01-20T15:53:17","modified_gmt":"2022-01-20T13:53:17","slug":"mdl-req1","status":"publish","type":"product","link":"https:\/\/joli.ninja\/?product=mdl-req1","title":{"rendered":"Gentils requins <br><i>par MDL<\/i>"},"content":{"rendered":"<p>Disponible en carte postale (10,5&#215;15 cm) sur papier 300g\/m\u00b2 et au format 30&#215;40 cm sur papier 250g\/m\u00b2.<\/p>\n<p>Cadre en bois de pin naturel et vitre en verre acrylique incassable ou cadre en PVC noir et vitre en verre min\u00e9ral en option.<\/p>\n","protected":false},"excerpt":{"rendered":"<p>&nbsp;<\/p>\n<p>On n&rsquo;aimerait pas se baigner au milieu de ces requins\u2026 Pourtant \u00e0 bien y regarder, ils n&rsquo;ont pas l&rsquo;air si dangereux ! La douceur de ce dessin aux teintes grises et bleues les rend inoffensifs au point d&rsquo;en faire une d\u00e9coration tout \u00e0 fait appr\u00e9ciable.<br \/>\nReproduction d\u2019un dessin r\u00e9alis\u00e9 \u00e0 l\u2019aquarelle par l\u2019illustratrice MDL (<a href=\"https:\/\/joli.ninja\/?page_id=104\">voir sa page<\/a>).<\/p>\n","protected":false},"featured_media":655,"comment_status":"open","ping_status":"closed","template":"","meta":{"_et_pb_use_builder":"","_et_pb_old_content":"","_et_gb_content_width":""},"product_brand":[],"product_cat":[24,23],"product_tag":[],"class_list":{"0":"post-654","1":"product","2":"type-product","3":"status-publish","4":"has-post-thumbnail","6":"product_cat-marguerite-de-livron","7":"product_cat-artistes","9":"first","10":"instock","11":"shipping-taxable","12":"purchasable","13":"product-type-variable","14":"has-default-attributes"},"jetpack_sharing_enabled":true,"_links":{"self":[{"href":"https:\/\/joli.ninja\/index.php?rest_route=\/wp\/v2\/product\/654","targetHints":{"allow":["GET"]}}],"collection":[{"href":"https:\/\/joli.ninja\/index.php?rest_route=\/wp\/v2\/product"}],"about":[{"href":"https:\/\/joli.ninja\/index.php?rest_route=\/wp\/v2\/types\/product"}],"replies":[{"embeddable":true,"href":"https:\/\/joli.ninja\/index.php?rest_route=%2Fwp%2Fv2%2Fcomments&post=654"}],"wp:featuredmedia":[{"embeddable":true,"href":"https:\/\/joli.ninja\/index.php?rest_route=\/wp\/v2\/media\/655"}],"wp:attachment":[{"href":"https:\/\/joli.ninja\/index.php?rest_route=%2Fwp%2Fv2%2Fmedia&parent=654"}],"wp:term":[{"taxonomy":"product_brand","embeddable":true,"href":"https:\/\/joli.ninja\/index.php?rest_route=%2Fwp%2Fv2%2Fproduct_brand&post=654"},{"taxonomy":"product_cat","embeddable":true,"href":"https:\/\/joli.ninja\/index.php?rest_route=%2Fwp%2Fv2%2Fproduct_cat&post=654"},{"taxonomy":"product_tag","embeddable":true,"href":"https:\/\/joli.ninja\/index.php?rest_route=%2Fwp%2Fv2%2Fproduct_tag&post=654"}],"curies":[{"name":"wp","href":"https:\/\/api.w.org\/{rel}","templated":true}]}}