{"id":652,"date":"2021-10-05T17:32:29","date_gmt":"2021-10-05T15:32:29","guid":{"rendered":"https:\/\/joli.ninja\/?post_type=product&#038;p=652"},"modified":"2022-02-01T19:09:24","modified_gmt":"2022-02-01T17:09:24","slug":"mdl-feu1","status":"publish","type":"product","link":"https:\/\/joli.ninja\/?product=mdl-feu1","title":{"rendered":"Feuilles <br><i>par MDL<\/i>"},"content":{"rendered":"<p class=\"p1\">Disponible en carte postale (10,5&#215;15 cm) sur papier 300g\/m\u00b2 et au format 30\u00d740 cm sur papier 250g\/m\u00b2.<\/p>\n<p>Cadre en bois de pin naturel et vitre en verre acrylique en option.<\/p>\n","protected":false},"excerpt":{"rendered":"<p>&nbsp;<\/p>\n<p>Force est de constater chaque jour de l&rsquo;ann\u00e9e que les feuilles des arbres ont une diversit\u00e9 de formes et de couleurs incroyables. Voici une affiche tr\u00e8s chic qui rend hommage \u00e0 ces petites et grandes feuilles qui, chaque automne, tombent et virevoltent.<br \/>\nReproduction d\u2019un dessin \u00e0 l\u2019aquarelle de l\u2019illustratrice MDL (<a href=\"https:\/\/joli.ninja\/?page_id=104\">voir sa page<\/a>).<\/p>\n","protected":false},"featured_media":653,"comment_status":"open","ping_status":"closed","template":"","meta":{"_et_pb_use_builder":"","_et_pb_old_content":"","_et_gb_content_width":""},"product_brand":[],"product_cat":[24,23],"product_tag":[],"class_list":{"0":"post-652","1":"product","2":"type-product","3":"status-publish","4":"has-post-thumbnail","6":"product_cat-marguerite-de-livron","7":"product_cat-artistes","9":"first","10":"instock","11":"shipping-taxable","12":"purchasable","13":"product-type-variable","14":"has-default-attributes"},"jetpack_sharing_enabled":true,"_links":{"self":[{"href":"https:\/\/joli.ninja\/index.php?rest_route=\/wp\/v2\/product\/652","targetHints":{"allow":["GET"]}}],"collection":[{"href":"https:\/\/joli.ninja\/index.php?rest_route=\/wp\/v2\/product"}],"about":[{"href":"https:\/\/joli.ninja\/index.php?rest_route=\/wp\/v2\/types\/product"}],"replies":[{"embeddable":true,"href":"https:\/\/joli.ninja\/index.php?rest_route=%2Fwp%2Fv2%2Fcomments&post=652"}],"wp:featuredmedia":[{"embeddable":true,"href":"https:\/\/joli.ninja\/index.php?rest_route=\/wp\/v2\/media\/653"}],"wp:attachment":[{"href":"https:\/\/joli.ninja\/index.php?rest_route=%2Fwp%2Fv2%2Fmedia&parent=652"}],"wp:term":[{"taxonomy":"product_brand","embeddable":true,"href":"https:\/\/joli.ninja\/index.php?rest_route=%2Fwp%2Fv2%2Fproduct_brand&post=652"},{"taxonomy":"product_cat","embeddable":true,"href":"https:\/\/joli.ninja\/index.php?rest_route=%2Fwp%2Fv2%2Fproduct_cat&post=652"},{"taxonomy":"product_tag","embeddable":true,"href":"https:\/\/joli.ninja\/index.php?rest_route=%2Fwp%2Fv2%2Fproduct_tag&post=652"}],"curies":[{"name":"wp","href":"https:\/\/api.w.org\/{rel}","templated":true}]}}