{"id":646,"date":"2021-10-05T17:26:02","date_gmt":"2021-10-05T15:26:02","guid":{"rendered":"https:\/\/joli.ninja\/?post_type=product&#038;p=646"},"modified":"2023-09-11T10:20:22","modified_gmt":"2023-09-11T08:20:22","slug":"mdl-bas1","status":"publish","type":"product","link":"https:\/\/joli.ninja\/?product=mdl-bas1","title":{"rendered":"Le Bassin d&rsquo;Arcachon <br><i>par MDL<\/i>"},"content":{"rendered":"<p class=\"p1\">Disponible en carte postale (10,5&#215;15 cm) sur papier 300g\/m\u00b2 et au format 30\u00d740 cm sur papier 250g\/m\u00b2.<\/p>\n<p>Cadre en bois de pin naturel et vitre en verre acrylique en option pour le format 30&#215;40 cm.<\/p>\n","protected":false},"excerpt":{"rendered":"<p>&nbsp;<\/p>\n<p>Ah le Bassin d&rsquo;Arcachon ! Quel lieu unique en France : il poss\u00e8de une telle biodiversit\u00e9 et un patrimoine culturel et architectural remarquable. Cette jolie affiche pr\u00e9sente une partie de ces choses que les connaisseurs du site reconna\u00eetront sans aucune difficult\u00e9.<br \/>\nReproduction d\u2019un dessin \u00e0 l\u2019aquarelle de l\u2019illustratrice MDL (<a href=\"https:\/\/joli.ninja\/?page_id=104\">voir sa page<\/a>).<\/p>\n","protected":false},"featured_media":647,"comment_status":"open","ping_status":"closed","template":"","meta":{"_et_pb_use_builder":"","_et_pb_old_content":"","_et_gb_content_width":""},"product_brand":[],"product_cat":[24,23],"product_tag":[],"class_list":{"0":"post-646","1":"product","2":"type-product","3":"status-publish","4":"has-post-thumbnail","6":"product_cat-marguerite-de-livron","7":"product_cat-artistes","9":"first","10":"instock","11":"shipping-taxable","12":"purchasable","13":"product-type-variable","14":"has-default-attributes"},"jetpack_sharing_enabled":true,"_links":{"self":[{"href":"https:\/\/joli.ninja\/index.php?rest_route=\/wp\/v2\/product\/646","targetHints":{"allow":["GET"]}}],"collection":[{"href":"https:\/\/joli.ninja\/index.php?rest_route=\/wp\/v2\/product"}],"about":[{"href":"https:\/\/joli.ninja\/index.php?rest_route=\/wp\/v2\/types\/product"}],"replies":[{"embeddable":true,"href":"https:\/\/joli.ninja\/index.php?rest_route=%2Fwp%2Fv2%2Fcomments&post=646"}],"wp:featuredmedia":[{"embeddable":true,"href":"https:\/\/joli.ninja\/index.php?rest_route=\/wp\/v2\/media\/647"}],"wp:attachment":[{"href":"https:\/\/joli.ninja\/index.php?rest_route=%2Fwp%2Fv2%2Fmedia&parent=646"}],"wp:term":[{"taxonomy":"product_brand","embeddable":true,"href":"https:\/\/joli.ninja\/index.php?rest_route=%2Fwp%2Fv2%2Fproduct_brand&post=646"},{"taxonomy":"product_cat","embeddable":true,"href":"https:\/\/joli.ninja\/index.php?rest_route=%2Fwp%2Fv2%2Fproduct_cat&post=646"},{"taxonomy":"product_tag","embeddable":true,"href":"https:\/\/joli.ninja\/index.php?rest_route=%2Fwp%2Fv2%2Fproduct_tag&post=646"}],"curies":[{"name":"wp","href":"https:\/\/api.w.org\/{rel}","templated":true}]}}