{"id":1233,"date":"2021-12-07T12:32:46","date_gmt":"2021-12-07T10:32:46","guid":{"rendered":"https:\/\/joli.ninja\/?post_type=product&#038;p=1233"},"modified":"2021-12-15T12:07:24","modified_gmt":"2021-12-15T10:07:24","slug":"la-famille-des-3-loups-par-mdl","status":"publish","type":"product","link":"https:\/\/joli.ninja\/?product=la-famille-des-3-loups-par-mdl","title":{"rendered":"La famille des 3 loups <br><i>par MDL<\/i>"},"content":{"rendered":"<p class=\"p1\">Impression jet d&rsquo;encre haute qualit\u00e9 et r\u00e9sistance \u00e0 la lumi\u00e8re sur papier 200g\/m\u00b2 Hahnem\u00fchle 100% cellulose au format 18&#215;24 cm ou envoi par mail de la version num\u00e9rique haute d\u00e9finition du dessin personnalis\u00e9 pour utilisation libre et illimit\u00e9 en affiche, faire-part, etc&#8230;<\/p>\n<p>Cadre en bois de pin naturel et vitre en verre acrylique incassable en option pour le format imprim\u00e9 18&#215;24 cm.<\/p>\n","protected":false},"excerpt":{"rendered":"<p>&nbsp;<\/p>\n<p>Le n\u0153ud papillon est de rigueur pour cet instant solennel o\u00f9 sont immortalis\u00e9s un \u00e9l\u00e9gant couple de loups et leur beau premier n\u00e9.<br \/>\nCette affiche \u00e0 personnaliser avec un pr\u00e9nom et une date de naissance (facultative) fera un beau cadeau de naissance.<br \/>\nPr\u00e9nom et date de naissance inscrits apr\u00e8s impression par la main de l&rsquo;artiste, de sa plus belle \u00e9criture.<\/p>\n<p>Reproduction d\u2019un dessin \u00e0 l&rsquo;aquarelle de l\u2019illustratrice MDL (<a href=\"https:\/\/joli.ninja\/?page_id=104\">voir sa page<\/a>).<\/p>\n","protected":false},"featured_media":1286,"comment_status":"open","ping_status":"closed","template":"","meta":{"_et_pb_use_builder":"","_et_pb_old_content":"","_et_gb_content_width":""},"product_brand":[],"product_cat":[24,46,23],"product_tag":[],"class_list":{"0":"post-1233","1":"product","2":"type-product","3":"status-publish","4":"has-post-thumbnail","6":"product_cat-marguerite-de-livron","7":"product_cat-produits-personnalisables","8":"product_cat-artistes","10":"first","11":"instock","12":"shipping-taxable","13":"purchasable","14":"product-type-variable","15":"has-default-attributes"},"jetpack_sharing_enabled":true,"_links":{"self":[{"href":"https:\/\/joli.ninja\/index.php?rest_route=\/wp\/v2\/product\/1233","targetHints":{"allow":["GET"]}}],"collection":[{"href":"https:\/\/joli.ninja\/index.php?rest_route=\/wp\/v2\/product"}],"about":[{"href":"https:\/\/joli.ninja\/index.php?rest_route=\/wp\/v2\/types\/product"}],"replies":[{"embeddable":true,"href":"https:\/\/joli.ninja\/index.php?rest_route=%2Fwp%2Fv2%2Fcomments&post=1233"}],"wp:featuredmedia":[{"embeddable":true,"href":"https:\/\/joli.ninja\/index.php?rest_route=\/wp\/v2\/media\/1286"}],"wp:attachment":[{"href":"https:\/\/joli.ninja\/index.php?rest_route=%2Fwp%2Fv2%2Fmedia&parent=1233"}],"wp:term":[{"taxonomy":"product_brand","embeddable":true,"href":"https:\/\/joli.ninja\/index.php?rest_route=%2Fwp%2Fv2%2Fproduct_brand&post=1233"},{"taxonomy":"product_cat","embeddable":true,"href":"https:\/\/joli.ninja\/index.php?rest_route=%2Fwp%2Fv2%2Fproduct_cat&post=1233"},{"taxonomy":"product_tag","embeddable":true,"href":"https:\/\/joli.ninja\/index.php?rest_route=%2Fwp%2Fv2%2Fproduct_tag&post=1233"}],"curies":[{"name":"wp","href":"https:\/\/api.w.org\/{rel}","templated":true}]}}