{"id":1044,"date":"2021-11-23T16:36:27","date_gmt":"2021-11-23T14:36:27","guid":{"rendered":"https:\/\/joli.ninja\/?post_type=product&#038;p=1044"},"modified":"2022-02-01T19:02:36","modified_gmt":"2022-02-01T17:02:36","slug":"la-famille-baleine-par-mdl","status":"publish","type":"product","link":"https:\/\/joli.ninja\/?product=la-famille-baleine-par-mdl","title":{"rendered":"La famille des 4 baleines <br><i>par MDL<\/i>"},"content":{"rendered":"<p class=\"p1\">Impression jet d&rsquo;encre haute qualit\u00e9 et r\u00e9sistance \u00e0 la lumi\u00e8re sur papier 200g\/m\u00b2 Hahnem\u00fchle 100% cellulose au format A4 (21&#215;29,7 cm) ou envoi par mail de la version num\u00e9rique haute d\u00e9finition du dessin personnalis\u00e9 pour utilisation libre et illimit\u00e9 en affiche, faire-part, etc&#8230;<\/p>\n<p>Cadre en bois de pin naturel et vitre en verre acrylique incassable en option pour le format imprim\u00e9 A4.<\/p>\n","protected":false},"excerpt":{"rendered":"<p>&nbsp;<\/p>\n<p>La famille de baleines s&rsquo;agrandit !<br \/>\nCette affiche \u00e0 personnaliser avec un pr\u00e9nom et une date de naissance (facultative) fera un beau cadeau de naissance.<br \/>\nPr\u00e9nom et date de naissance inscrits apr\u00e8s impression par la main de l&rsquo;artiste, de sa plus belle \u00e9criture.<br \/>\nReproduction d\u2019un dessin \u00e0 l&rsquo;aquarelle de l\u2019illustratrice MDL (<a href=\"https:\/\/joli.ninja\/?page_id=104\">voir sa page<\/a>).<\/p>\n","protected":false},"featured_media":1054,"comment_status":"open","ping_status":"closed","template":"","meta":{"_et_pb_use_builder":"","_et_pb_old_content":"","_et_gb_content_width":""},"product_brand":[],"product_cat":[24,46,23],"product_tag":[],"class_list":{"0":"post-1044","1":"product","2":"type-product","3":"status-publish","4":"has-post-thumbnail","6":"product_cat-marguerite-de-livron","7":"product_cat-produits-personnalisables","8":"product_cat-artistes","10":"first","11":"instock","12":"shipping-taxable","13":"purchasable","14":"product-type-variable","15":"has-default-attributes"},"jetpack_sharing_enabled":true,"_links":{"self":[{"href":"https:\/\/joli.ninja\/index.php?rest_route=\/wp\/v2\/product\/1044","targetHints":{"allow":["GET"]}}],"collection":[{"href":"https:\/\/joli.ninja\/index.php?rest_route=\/wp\/v2\/product"}],"about":[{"href":"https:\/\/joli.ninja\/index.php?rest_route=\/wp\/v2\/types\/product"}],"replies":[{"embeddable":true,"href":"https:\/\/joli.ninja\/index.php?rest_route=%2Fwp%2Fv2%2Fcomments&post=1044"}],"wp:featuredmedia":[{"embeddable":true,"href":"https:\/\/joli.ninja\/index.php?rest_route=\/wp\/v2\/media\/1054"}],"wp:attachment":[{"href":"https:\/\/joli.ninja\/index.php?rest_route=%2Fwp%2Fv2%2Fmedia&parent=1044"}],"wp:term":[{"taxonomy":"product_brand","embeddable":true,"href":"https:\/\/joli.ninja\/index.php?rest_route=%2Fwp%2Fv2%2Fproduct_brand&post=1044"},{"taxonomy":"product_cat","embeddable":true,"href":"https:\/\/joli.ninja\/index.php?rest_route=%2Fwp%2Fv2%2Fproduct_cat&post=1044"},{"taxonomy":"product_tag","embeddable":true,"href":"https:\/\/joli.ninja\/index.php?rest_route=%2Fwp%2Fv2%2Fproduct_tag&post=1044"}],"curies":[{"name":"wp","href":"https:\/\/api.w.org\/{rel}","templated":true}]}}