{"id":1032,"date":"2021-11-22T16:59:40","date_gmt":"2021-11-22T14:59:40","guid":{"rendered":"https:\/\/joli.ninja\/?post_type=product&#038;p=1032"},"modified":"2021-11-24T17:34:47","modified_gmt":"2021-11-24T15:34:47","slug":"la-maisonnette-par-mdl","status":"publish","type":"product","link":"https:\/\/joli.ninja\/?product=la-maisonnette-par-mdl","title":{"rendered":"La maisonnette <br><i>par MDL<\/i>"},"content":{"rendered":"<p>Disponible au format A4 (21\u00d729,7 cm) sur papier 250g\/m\u00b2.<\/p>\n<p>Cadre en bois de pin naturel et vitre en verre acrylique incassable en option.<\/p>\n","protected":false},"excerpt":{"rendered":"<p>&nbsp;<\/p>\n<p>Toutes serr\u00e9es les unes contre les autres, ces \u00e9tonnantes b\u00e2tisses longilignes semblent vouloir se tenir chaud dans le bleu de la nuit d&rsquo;hiver. Et au milieu de ces grands immeubles, une toute petite maison au toit rouge&#8230;<\/p>\n<p>Reproduction d\u2019un dessin \u00e0 l&rsquo;aquarelle de l\u2019illustratrice MDL (<a href=\"https:\/\/joli.ninja\/?page_id=104\">voir sa page<\/a>).<\/p>\n","protected":false},"featured_media":1029,"comment_status":"open","ping_status":"closed","template":"","meta":{"_et_pb_use_builder":"","_et_pb_old_content":"","_et_gb_content_width":""},"product_brand":[],"product_cat":[24,23],"product_tag":[],"class_list":{"0":"post-1032","1":"product","2":"type-product","3":"status-publish","4":"has-post-thumbnail","6":"product_cat-marguerite-de-livron","7":"product_cat-artistes","9":"first","10":"instock","11":"shipping-taxable","12":"purchasable","13":"product-type-variable","14":"has-default-attributes"},"jetpack_sharing_enabled":true,"_links":{"self":[{"href":"https:\/\/joli.ninja\/index.php?rest_route=\/wp\/v2\/product\/1032","targetHints":{"allow":["GET"]}}],"collection":[{"href":"https:\/\/joli.ninja\/index.php?rest_route=\/wp\/v2\/product"}],"about":[{"href":"https:\/\/joli.ninja\/index.php?rest_route=\/wp\/v2\/types\/product"}],"replies":[{"embeddable":true,"href":"https:\/\/joli.ninja\/index.php?rest_route=%2Fwp%2Fv2%2Fcomments&post=1032"}],"wp:featuredmedia":[{"embeddable":true,"href":"https:\/\/joli.ninja\/index.php?rest_route=\/wp\/v2\/media\/1029"}],"wp:attachment":[{"href":"https:\/\/joli.ninja\/index.php?rest_route=%2Fwp%2Fv2%2Fmedia&parent=1032"}],"wp:term":[{"taxonomy":"product_brand","embeddable":true,"href":"https:\/\/joli.ninja\/index.php?rest_route=%2Fwp%2Fv2%2Fproduct_brand&post=1032"},{"taxonomy":"product_cat","embeddable":true,"href":"https:\/\/joli.ninja\/index.php?rest_route=%2Fwp%2Fv2%2Fproduct_cat&post=1032"},{"taxonomy":"product_tag","embeddable":true,"href":"https:\/\/joli.ninja\/index.php?rest_route=%2Fwp%2Fv2%2Fproduct_tag&post=1032"}],"curies":[{"name":"wp","href":"https:\/\/api.w.org\/{rel}","templated":true}]}}